{"id":8,"date":"2017-09-22T11:58:16","date_gmt":"2017-09-22T09:58:16","guid":{"rendered":"https:\/\/dev.lastenvelomannheim.de\/?page_id=8"},"modified":"2022-02-04T22:20:21","modified_gmt":"2022-02-04T21:20:21","slug":"ueber-mich","status":"publish","type":"page","link":"https:\/\/dev.lastenvelomannheim.de\/?page_id=8","title":{"rendered":"\u00dcber uns"},"content":{"rendered":"<p>Entstanden ist das LaMa-Team durch einige Radenthusiasten, die sich teils \u00fcber die <a href=\"https:\/\/www.facebook.com\/CriticalMassMannheim\/\" target=\"_blank\" rel=\"noopener noreferrer\">Critical Mass Mannheim<\/a> bzw. dem Monnem Bike Ideenwettbewerb kennengelernt haben. Nachdem wir die Wettbewerbsjury von der&nbsp; Notwendigkeit eines Freien Lastenrades in Mannheim \u00fcberzeugen konnten, durften wir uns \u00fcber einen Sonderpreis freuen, der uns die Anschaffung eines ersten Lastenrades, unserem LaMa #1, erm\u00f6glichte.<\/p>\n<p>Seit Januar 2017 sind wir der <strong>gemeinn\u00fctzige Verein&nbsp;Dein Lastenvelo Mannheim e.V<\/strong> , welcher sich f\u00fcr resourcenschonende Mobilit\u00e4t und Logistik im Sinne des Umweltschutzes einsetzt. Dabei liegt unser Schwerpunkt auf die Verbreitung der Nutzung von Transportfahrr\u00e4der als umweltfreundliches Lasten- und Fortbewegungsmittel.<\/p>\n<p>Nach zahlreichen Besprechungen und einigem Papierkram, sind wir froh Euch seit Juni 2017 das erste freie Lastenrad in Mannheim pr\u00e4sentieren zu k\u00f6nnen: LaMa #1.<\/p>\n<p>Und auch vielen Dank an die <a href=\"https:\/\/www.klima-ma.de\/\" target=\"_blank\" rel=\"noopener noreferrer\">Klimaschutzagentur Mannheim<\/a> und <a href=\"http:\/\/monnem-bike.de\/\" target=\"_blank\" rel=\"noopener noreferrer\">Monnem-Bike<\/a>, f\u00fcr die Auszeichnung im Projektwettbewerb 2016. Durch das Preisgeld wurde die Anschaffung vom <strong>LaMa #1<\/strong> m\u00f6glich.<\/p>\n<p>Seit August 2018 ist es uns gelungen ein zweites LaMa durch Mannheim d\u00fcsen zu lassen. Dieses hat sogar Elektro-Unterst\u00fctzung: LittlE LaMa.<\/p>\n<p>Das <strong>zweite Lastenrad LittlE LaMa<\/strong> wurde zu 35% aus dem gleichen Preisgeld finanziert. 50% durch F\u00f6rderung des Landes Baden-W\u00fcrtenberg f\u00fcr E-Lastenr\u00e4der sowie zu 15% aus Einzelspenden.<\/p>\n<p>Juli 2019 haben wir den <strong>Umweltpreis der Wolfgang-Raufelder-Stiftung<\/strong> erhalten, so dass schon ein gro\u00dfteil f\u00fcr ein drittes LaMa finanziert ist <img decoding=\"async\" class=\"emoji\" role=\"img\" draggable=\"false\" src=\"https:\/\/s.w.org\/images\/core\/emoji\/13.0.0\/svg\/1f642.svg\" alt=\"&#x1f642;\"><\/p>\n<p>Im August 2019 erhielten wir von Diringer &amp; Scheidel eine Spende zum Anschaffen eines dritten LaMa\u2019s <strong>Lecka LaMa<\/strong> welches seitdem <strong>denn\u2019s Biomarkt<\/strong> dauerhaft f\u00fcr euch ausleihbar ist.<\/p>\n<p>Im Dezember 2019 erm\u00f6glichte uns eine Weihnachtsspende der GBG (Mannheimer Wohnbaugesellschaft mbH) die Anschaffung von einem vierten Lastenrad <strong>\u201eLaMa Karl\u201c.<\/strong><\/p>\n<p>Ab Juli 2020 k\u00f6nnen wir uns in Mannheim \u00fcber eine <strong>Lastenradf\u00f6rderung f\u00fcr Mannheimer<\/strong> und Mannheimer Vereine freuen. Der Gemeinderat stimmt am 28.Juli dar\u00fcber ab. Es sind 25% Zuschuss geplant. Details unter:<\/p>\n<p><a href=\"https:\/\/www.mannheim.de\/de\/service-bieten\/verkehr\/radfahren-in-mannheim\/lastenrad-foerderung\">https:\/\/www.mannheim.de\/de\/service-bieten\/verkehr\/radfahren-in-mannheim\/lastenrad-foerderung<\/a><\/p>\n<p>Seit April 2021 gibt es das f\u00fcnfte <strong>Lastenrad &#8220;Tillie&#8221; in K\u00e4fertal S\u00fcd<\/strong>. Den lokalen Spendern und Unterst\u00fctzern vielen Dank!<\/p>\n<p>Im M\u00e4rz 2021 haben wir gemeinsam mit dem TSG Seckenheim beim BASF-Projektwettbewerb &#8220;Gemeinsam Neues schaffen&#8221; eine F\u00f6rderung gewonnen. <strong>Die zwei E-LaMas Rudi und Willi sind seit September 2021 beim TSG in Seckenheim ausleihbar.<\/strong><\/p>\n<p><span class=\"d2edcug0 hpfvmrgz qv66sw1b c1et5uql lr9zc1uh a8c37x1j keod5gw0 nxhoafnm aigsh9s9 d3f4x2em fe6kdd0r mau55g9w c8b282yb iv3no6db jq4qci2q a3bd9o3v b1v8xokw oo9gr5id hzawbc8m\" dir=\"auto\">Gemeinsam <strong>mit dem VCD<\/strong> erm\u00f6glichen wir seit September 2021 auch in <strong>Ludwigshafen<\/strong> ein Lastenrad kostenfrei auszuleihen. Etwa ein Drittel der Anschaffungskosten finanzierte der VCD. Zwei gr\u00f6\u00dfere Spenden vom Gemeinschafts-M\u00fcllheizkraftwerk Ludwigshafen (GML) und dem Marketing-Verein Ludwigshafen, sowie mehrere Einzelspenden halfen bei der Finanzierung. Wir bedanken uns bei allen Spendern und freuen uns, dass wir jetzt in Ludwigshafen das <strong>Lastenrad LUISE<\/strong> zur kostenlosen Ausleihe erm\u00f6glichen k\u00f6nnen.<\/span><\/p>\n<p>Im Dezember 2021 erg\u00e4nzt <strong>Billie, ein motorisiertes Rollstuhltransport<\/strong>, die Lastenradflotte. Dank der Unterst\u00fctzung der Dietmar Hopp Stiftung, ifeu-Institut f\u00fcr Energie und Umweltforschung Heidelberg gGmbH, Roche Diagnostic GmbH, Curata-Seniorenwohnzentrum Albert-Schweitzer, Mannheim GmbH sowie eines Crowdfundings, k\u00f6nnen wir k\u00fcnftig mobil eingeschr\u00e4nkten Menschen das Rad zum Verleih zur Verf\u00fcgung stellen. Einrichtungen als auch Privatpersonen k\u00f6nnen Billie nach einer Einweisung kostenfrei am DRK Quartiersb\u00fcro in der Schwetzinger Stadt ausleihen, den Fahrtwind und ein neues Mobilit\u00e4tsgef\u00fchl erleben. Vielen Dank an alle SpenderInnen und auf erlebnisreiche Fahrten!<\/p>\n<p>Auch bedanken wir uns beim Land Baden-W\u00fcrttenberg und der L-Bank f\u00fcr die F\u00f6rderung unserer E-Lastenr\u00e4der mit bis zu 30% des Kaufpreises,<\/p>\n<p>Bei allen Spendern und Unterst\u00fctzern bedanken wir uns herzlich!<\/p>\n<p><img loading=\"lazy\" decoding=\"async\" class=\"aligncenter wp-image-184 size-full\" src=\"https:\/\/dev.lastenvelomannheim.de\/wp-content\/uploads\/2017\/11\/Logo_LAMA_klein.jpg\" alt=\"\" width=\"582\" height=\"354\" srcset=\"https:\/\/dev.lastenvelomannheim.de\/wp-content\/uploads\/2017\/11\/Logo_LAMA_klein.jpg 582w, https:\/\/dev.lastenvelomannheim.de\/wp-content\/uploads\/2017\/11\/Logo_LAMA_klein-300x182.jpg 300w\" sizes=\"auto, (max-width: 582px) 100vw, 582px\" \/><\/p>\n<p><img loading=\"lazy\" decoding=\"async\" class=\"wp-image-382 aligncenter\" src=\"https:\/\/dev.lastenvelomannheim.de\/wp-content\/uploads\/2019\/05\/picknick2019-300x200.jpg\" alt=\"\" width=\"548\" height=\"365\" srcset=\"https:\/\/dev.lastenvelomannheim.de\/wp-content\/uploads\/2019\/05\/picknick2019-300x200.jpg 300w, https:\/\/dev.lastenvelomannheim.de\/wp-content\/uploads\/2019\/05\/picknick2019-768x513.jpg 768w, https:\/\/dev.lastenvelomannheim.de\/wp-content\/uploads\/2019\/05\/picknick2019-1024x684.jpg 1024w\" sizes=\"auto, (max-width: 548px) 100vw, 548px\" \/><\/p>\n<p><img loading=\"lazy\" decoding=\"async\" class=\"aligncenter wp-image-339 size-large\" src=\"https:\/\/dev.lastenvelomannheim.de\/wp-content\/uploads\/2019\/01\/DSC06105-1024x684.jpg\" alt=\"\" width=\"525\" height=\"351\" srcset=\"https:\/\/dev.lastenvelomannheim.de\/wp-content\/uploads\/2019\/01\/DSC06105-1024x684.jpg 1024w, https:\/\/dev.lastenvelomannheim.de\/wp-content\/uploads\/2019\/01\/DSC06105-300x200.jpg 300w, https:\/\/dev.lastenvelomannheim.de\/wp-content\/uploads\/2019\/01\/DSC06105-768x513.jpg 768w\" sizes=\"auto, (max-width: 525px) 100vw, 525px\" \/><\/p>\n<p><img loading=\"lazy\" decoding=\"async\" class=\"aligncenter wp-image-340 size-large\" src=\"https:\/\/dev.lastenvelomannheim.de\/wp-content\/uploads\/2019\/01\/DSC06080-1024x684.jpg\" alt=\"\" width=\"525\" height=\"351\" srcset=\"https:\/\/dev.lastenvelomannheim.de\/wp-content\/uploads\/2019\/01\/DSC06080-1024x684.jpg 1024w, https:\/\/dev.lastenvelomannheim.de\/wp-content\/uploads\/2019\/01\/DSC06080-300x200.jpg 300w, https:\/\/dev.lastenvelomannheim.de\/wp-content\/uploads\/2019\/01\/DSC06080-768x513.jpg 768w\" sizes=\"auto, (max-width: 525px) 100vw, 525px\" \/><\/p>\n<p><img loading=\"lazy\" decoding=\"async\" class=\"aligncenter wp-image-53 size-full\" src=\"https:\/\/dev.lastenvelomannheim.de\/wp-content\/uploads\/2017\/09\/lamagruppe.jpg\" alt=\"\" width=\"393\" height=\"400\" srcset=\"https:\/\/dev.lastenvelomannheim.de\/wp-content\/uploads\/2017\/09\/lamagruppe.jpg 393w, https:\/\/dev.lastenvelomannheim.de\/wp-content\/uploads\/2017\/09\/lamagruppe-295x300.jpg 295w\" sizes=\"auto, (max-width: 393px) 100vw, 393px\" \/><\/p>\n<p>&nbsp;<\/p>\n<p>&nbsp;<\/p>\n\n\n<p><\/p>\n","protected":false},"excerpt":{"rendered":"<p>Entstanden ist das LaMa-Team durch einige Radenthusiasten, die sich teils \u00fcber die Critical Mass Mannheim bzw. dem Monnem Bike Ideenwettbewerb kennengelernt haben. Nachdem wir die Wettbewerbsjury von der&nbsp; Notwendigkeit eines Freien Lastenrades in Mannheim \u00fcberzeugen konnten, durften wir uns \u00fcber einen Sonderpreis freuen, der uns die Anschaffung eines ersten Lastenrades, unserem LaMa #1, erm\u00f6glichte. Seit &hellip; <\/p>\n<p class=\"link-more\"><a href=\"https:\/\/dev.lastenvelomannheim.de\/?page_id=8\" class=\"more-link\"><span class=\"screen-reader-text\">\u201e\u00dcber uns\u201c<\/span> weiterlesen<\/a><\/p>\n","protected":false},"author":2079,"featured_media":2417,"parent":0,"menu_order":0,"comment_status":"closed","ping_status":"closed","template":"","meta":{"footnotes":""},"class_list":["post-8","page","type-page","status-publish","has-post-thumbnail","hentry"],"_links":{"self":[{"href":"https:\/\/dev.lastenvelomannheim.de\/index.php?rest_route=\/wp\/v2\/pages\/8","targetHints":{"allow":["GET"]}}],"collection":[{"href":"https:\/\/dev.lastenvelomannheim.de\/index.php?rest_route=\/wp\/v2\/pages"}],"about":[{"href":"https:\/\/dev.lastenvelomannheim.de\/index.php?rest_route=\/wp\/v2\/types\/page"}],"author":[{"embeddable":true,"href":"https:\/\/dev.lastenvelomannheim.de\/index.php?rest_route=\/wp\/v2\/users\/2079"}],"replies":[{"embeddable":true,"href":"https:\/\/dev.lastenvelomannheim.de\/index.php?rest_route=%2Fwp%2Fv2%2Fcomments&post=8"}],"version-history":[{"count":33,"href":"https:\/\/dev.lastenvelomannheim.de\/index.php?rest_route=\/wp\/v2\/pages\/8\/revisions"}],"predecessor-version":[{"id":2539,"href":"https:\/\/dev.lastenvelomannheim.de\/index.php?rest_route=\/wp\/v2\/pages\/8\/revisions\/2539"}],"wp:featuredmedia":[{"embeddable":true,"href":"https:\/\/dev.lastenvelomannheim.de\/index.php?rest_route=\/wp\/v2\/media\/2417"}],"wp:attachment":[{"href":"https:\/\/dev.lastenvelomannheim.de\/index.php?rest_route=%2Fwp%2Fv2%2Fmedia&parent=8"}],"curies":[{"name":"wp","href":"https:\/\/api.w.org\/{rel}","templated":true}]}}