{"id":186,"date":"2017-11-14T10:45:12","date_gmt":"2017-11-14T09:45:12","guid":{"rendered":"https:\/\/dev.lastenvelomannheim.de\/?page_id=186"},"modified":"2025-01-21T18:18:25","modified_gmt":"2025-01-21T17:18:25","slug":"unterstuetzen","status":"publish","type":"page","link":"https:\/\/dev.lastenvelomannheim.de\/?page_id=186","title":{"rendered":"Gib&#8217; dem LaMa etwas Futter"},"content":{"rendered":"\n<figure class=\"wp-block-image size-large\"><img loading=\"lazy\" decoding=\"async\" width=\"1024\" height=\"601\" src=\"https:\/\/dev.lastenvelomannheim.de\/wp-content\/uploads\/2021\/12\/LaMas-Spinelli1-scaled-e1639948384865-1024x601.jpg\" alt=\"\" class=\"wp-image-2417\" srcset=\"https:\/\/dev.lastenvelomannheim.de\/wp-content\/uploads\/2021\/12\/LaMas-Spinelli1-scaled-e1639948384865-1024x601.jpg 1024w, https:\/\/dev.lastenvelomannheim.de\/wp-content\/uploads\/2021\/12\/LaMas-Spinelli1-scaled-e1639948384865-300x176.jpg 300w, https:\/\/dev.lastenvelomannheim.de\/wp-content\/uploads\/2021\/12\/LaMas-Spinelli1-scaled-e1639948384865-768x451.jpg 768w, https:\/\/dev.lastenvelomannheim.de\/wp-content\/uploads\/2021\/12\/LaMas-Spinelli1-scaled-e1639948384865-1536x902.jpg 1536w, https:\/\/dev.lastenvelomannheim.de\/wp-content\/uploads\/2021\/12\/LaMas-Spinelli1-scaled-e1639948384865-2048x1202.jpg 2048w\" sizes=\"auto, (max-width: 767px) 89vw, (max-width: 1000px) 54vw, (max-width: 1071px) 543px, 580px\" \/><figcaption class=\"wp-element-caption\">LaMa auf dem Spinellifest 2021<\/figcaption><\/figure>\n\n\n<p>Wir sind ein gemeinn\u00fctziger Verein und finanzieren unsere kostenlosen Lastenr\u00e4der ausschlie\u00dflich \u00fcber Spenden und Mitgliedsbeitr\u00e4ge.<\/p>\n<p>Trotz viel ehrenamtlichem Engagement fallen regelm\u00e4\u00dfig Kosten f\u00fcr Wartung und Instandhaltung der R\u00e4der an. Damit wir unsere LaMas weiterhin kostenlos zur Verf\u00fcgung stellen k\u00f6nnen, sind wir auf Deine Spende angewiesen. Wir empfehlen eine Spende von <strong>5-10 \u20ac<\/strong> pro Tag Ausleihe.\u00a0<\/p>\n<p>Wir freuen uns, wenn Du uns einmalig oder per Dauerauftrag unterst\u00fctzt. Wir sind <strong>gemeinn\u00fctzig<\/strong> anerkannt und du kannst Mitgliedsbeitr\u00e4ge und Spenden gem\u00e4\u00df \u00a750 Abs.1 EStDV <strong>von der Steuer absetzen<\/strong>. Als Nachweis gen\u00fcgt der Kontoauszug. Zus\u00e4tzlich erh\u00e4ltst du ab einer Spende von 100\u20ac eine <strong>Spendenbescheinigung<\/strong> per Post von uns.<\/p>\n\n\n<div class=\"wp-block-columns is-layout-flex wp-container-core-columns-is-layout-9d6595d7 wp-block-columns-is-layout-flex\">\n<div class=\"wp-block-column is-layout-flow wp-block-column-is-layout-flow\">\n<p><strong>Spendenkonto<\/strong>:<\/p>\n\n\n\n<p>Dein Lastenvelo Mannheim e.V.<br>VR Bank Rhein-Neckar eG<br>IBAN: DE18670900000093703901<br>BIC: GENODE61MA2<\/p>\n\n\n\n<p><strong>\u00dcberweisung per Banking App:<\/strong><\/p>\n\n\n\n<figure class=\"wp-block-image size-thumbnail\"><img loading=\"lazy\" decoding=\"async\" width=\"150\" height=\"150\" src=\"https:\/\/dev.lastenvelomannheim.de\/wp-content\/uploads\/2024\/06\/IBAN-QR-Code-Ueberweisung-150x150.png\" alt=\"\" class=\"wp-image-7793\" srcset=\"https:\/\/dev.lastenvelomannheim.de\/wp-content\/uploads\/2024\/06\/IBAN-QR-Code-Ueberweisung-150x150.png 150w, https:\/\/dev.lastenvelomannheim.de\/wp-content\/uploads\/2024\/06\/IBAN-QR-Code-Ueberweisung-300x300.png 300w, https:\/\/dev.lastenvelomannheim.de\/wp-content\/uploads\/2024\/06\/IBAN-QR-Code-Ueberweisung-1024x1024.png 1024w, https:\/\/dev.lastenvelomannheim.de\/wp-content\/uploads\/2024\/06\/IBAN-QR-Code-Ueberweisung-768x768.png 768w, https:\/\/dev.lastenvelomannheim.de\/wp-content\/uploads\/2024\/06\/IBAN-QR-Code-Ueberweisung-60x60.png 60w, https:\/\/dev.lastenvelomannheim.de\/wp-content\/uploads\/2024\/06\/IBAN-QR-Code-Ueberweisung-100x100.png 100w, https:\/\/dev.lastenvelomannheim.de\/wp-content\/uploads\/2024\/06\/IBAN-QR-Code-Ueberweisung.png 1072w\" sizes=\"auto, (max-width: 150px) 100vw, 150px\" \/><\/figure>\n<\/div>\n\n\n\n<div class=\"wp-block-column is-layout-flow wp-block-column-is-layout-flow\">\n<p><strong>PayPal<\/strong>:<\/p>\n\n\n\n<p>Du kannst einmalig oder monatlich an uns spenden:<\/p>\n\n\n\n<p class=\"has-text-align-center\"><!-- Begin PayPal Donations by https:\/\/www.tipsandtricks-hq.com\/paypal-donations-widgets-plugin -->\n\n<form action=\"https:\/\/www.paypal.com\/cgi-bin\/webscr\" method=\"post\" target=\"_blank\">\n    <div class=\"paypal-donations\">\n        <input type=\"hidden\" name=\"cmd\" value=\"_donations\" \/>\n        <input type=\"hidden\" name=\"bn\" value=\"TipsandTricks_SP\" \/>\n        <input type=\"hidden\" name=\"business\" value=\"spenden@lastenvelomannheim.de\" \/>\n        <input type=\"hidden\" name=\"return\" value=\"https:\/\/dev.lastenvelomannheim.de\/?page_id=4032\" \/>\n        <input type=\"hidden\" name=\"rm\" value=\"0\" \/>\n        <input type=\"hidden\" name=\"currency_code\" value=\"EUR\" \/>\n        <input type=\"image\" style=\"cursor: pointer;\" src=\"https:\/\/www.paypalobjects.com\/de_DE\/DE\/i\/btn\/btn_donate_LG.gif\" name=\"submit\" alt=\"PayPal - The safer, easier way to pay online.\" \/>\n        <img loading=\"lazy\" decoding=\"async\" alt=\"\" src=\"https:\/\/www.paypalobjects.com\/en_US\/i\/scr\/pixel.gif\" width=\"1\" height=\"1\" \/>\n    <\/div>\n<\/form>\n<!-- End PayPal Donations -->\n<\/p>\n<\/div>\n<\/div>\n","protected":false},"excerpt":{"rendered":"<p>Wir sind ein gemeinn\u00fctziger Verein und finanzieren unsere kostenlosen Lastenr\u00e4der ausschlie\u00dflich \u00fcber Spenden und Mitgliedsbeitr\u00e4ge. Trotz viel ehrenamtlichem Engagement fallen regelm\u00e4\u00dfig Kosten f\u00fcr Wartung und Instandhaltung der R\u00e4der an. Damit wir unsere LaMas weiterhin kostenlos zur Verf\u00fcgung stellen k\u00f6nnen, sind wir auf Deine Spende angewiesen. Wir empfehlen eine Spende von 5-10 \u20ac pro Tag Ausleihe.\u00a0 &hellip; <\/p>\n<p class=\"link-more\"><a href=\"https:\/\/dev.lastenvelomannheim.de\/?page_id=186\" class=\"more-link\"><span class=\"screen-reader-text\">\u201eGib&#8217; dem LaMa etwas Futter\u201c<\/span> weiterlesen<\/a><\/p>\n","protected":false},"author":7,"featured_media":0,"parent":0,"menu_order":0,"comment_status":"closed","ping_status":"closed","template":"","meta":{"footnotes":""},"class_list":["post-186","page","type-page","status-publish","hentry"],"_links":{"self":[{"href":"https:\/\/dev.lastenvelomannheim.de\/index.php?rest_route=\/wp\/v2\/pages\/186","targetHints":{"allow":["GET"]}}],"collection":[{"href":"https:\/\/dev.lastenvelomannheim.de\/index.php?rest_route=\/wp\/v2\/pages"}],"about":[{"href":"https:\/\/dev.lastenvelomannheim.de\/index.php?rest_route=\/wp\/v2\/types\/page"}],"author":[{"embeddable":true,"href":"https:\/\/dev.lastenvelomannheim.de\/index.php?rest_route=\/wp\/v2\/users\/7"}],"replies":[{"embeddable":true,"href":"https:\/\/dev.lastenvelomannheim.de\/index.php?rest_route=%2Fwp%2Fv2%2Fcomments&post=186"}],"version-history":[{"count":17,"href":"https:\/\/dev.lastenvelomannheim.de\/index.php?rest_route=\/wp\/v2\/pages\/186\/revisions"}],"predecessor-version":[{"id":10723,"href":"https:\/\/dev.lastenvelomannheim.de\/index.php?rest_route=\/wp\/v2\/pages\/186\/revisions\/10723"}],"wp:attachment":[{"href":"https:\/\/dev.lastenvelomannheim.de\/index.php?rest_route=%2Fwp%2Fv2%2Fmedia&parent=186"}],"curies":[{"name":"wp","href":"https:\/\/api.w.org\/{rel}","templated":true}]}}